{"id":409,"date":"2026-05-14T01:58:42","date_gmt":"2026-05-14T01:58:42","guid":{"rendered":"https:\/\/indulife.com\/producto\/exterior-avavj-base-colgantes-juego-x-2\/"},"modified":"2026-05-14T01:58:42","modified_gmt":"2026-05-14T01:58:42","slug":"exterior-avavj-base-colgantes-juego-x-2","status":"publish","type":"product","link":"https:\/\/indulife.com\/es_co\/producto\/exterior-avavj-base-colgantes-juego-x-2\/","title":{"rendered":"exterior aVAVJ Base colgantes juego x 2"},"content":{"rendered":"<p>Grande Alto: 49.3cm, 32.5cm Peque\u00f1a Alto: 41.8cm, 26.2cm Uso interior y exterior Matera en cer\u00e1mica doble primaveral 11428 Verde lim\u00f3n<\/p>\n","protected":false},"excerpt":{"rendered":"<p>Referencia 11823. Precio base cat\u00e1logo: $203,000 COP.<\/p>\n","protected":false},"featured_media":0,"comment_status":"open","ping_status":"closed","template":"","meta":[],"product_brand":[],"product_cat":[62],"product_tag":[44,45],"class_list":{"0":"post-409","1":"product","2":"type-product","3":"status-publish","5":"product_cat-floreros-y-bases-decorativas","6":"product_tag-catalogo-2026","7":"product_tag-importado-por-ocr","9":"first","10":"instock","11":"shipping-taxable","12":"purchasable","13":"product-type-simple"},"_links":{"self":[{"href":"https:\/\/indulife.com\/es_co\/wp-json\/wp\/v2\/product\/409","targetHints":{"allow":["GET"]}}],"collection":[{"href":"https:\/\/indulife.com\/es_co\/wp-json\/wp\/v2\/product"}],"about":[{"href":"https:\/\/indulife.com\/es_co\/wp-json\/wp\/v2\/types\/product"}],"replies":[{"embeddable":true,"href":"https:\/\/indulife.com\/es_co\/wp-json\/wp\/v2\/comments?post=409"}],"wp:attachment":[{"href":"https:\/\/indulife.com\/es_co\/wp-json\/wp\/v2\/media?parent=409"}],"wp:term":[{"taxonomy":"product_brand","embeddable":true,"href":"https:\/\/indulife.com\/es_co\/wp-json\/wp\/v2\/product_brand?post=409"},{"taxonomy":"product_cat","embeddable":true,"href":"https:\/\/indulife.com\/es_co\/wp-json\/wp\/v2\/product_cat?post=409"},{"taxonomy":"product_tag","embeddable":true,"href":"https:\/\/indulife.com\/es_co\/wp-json\/wp\/v2\/product_tag?post=409"}],"curies":[{"name":"wp","href":"https:\/\/api.w.org\/{rel}","templated":true}]}}