{"id":396,"date":"2026-05-14T01:58:41","date_gmt":"2026-05-14T01:58:41","guid":{"rendered":"https:\/\/indulife.com\/producto\/caja-corazon-x-blanco-girs-estampado\/"},"modified":"2026-05-14T01:58:41","modified_gmt":"2026-05-14T01:58:41","slug":"caja-corazon-x-blanco-girs-estampado","status":"publish","type":"product","link":"https:\/\/indulife.com\/es_co\/producto\/caja-corazon-x-blanco-girs-estampado\/","title":{"rendered":"Caja coraz\u00f3n x Blanco girs estampado"},"content":{"rendered":"<p>SET x 3 Di\u00e1. 29cm x 16cm Di\u00e1. 26cm x 14cm Di\u00e1. 23cm x 12cm<\/p>\n","protected":false},"excerpt":{"rendered":"<p>Referencia 20826. Precio base cat\u00e1logo: $48,000 COP.<\/p>\n","protected":false},"featured_media":0,"comment_status":"open","ping_status":"closed","template":"","meta":[],"product_brand":[],"product_cat":[62],"product_tag":[44,45],"class_list":{"0":"post-396","1":"product","2":"type-product","3":"status-publish","5":"product_cat-floreros-y-bases-decorativas","6":"product_tag-catalogo-2026","7":"product_tag-importado-por-ocr","9":"first","10":"outofstock","11":"shipping-taxable","12":"purchasable","13":"product-type-simple"},"_links":{"self":[{"href":"https:\/\/indulife.com\/es_co\/wp-json\/wp\/v2\/product\/396","targetHints":{"allow":["GET"]}}],"collection":[{"href":"https:\/\/indulife.com\/es_co\/wp-json\/wp\/v2\/product"}],"about":[{"href":"https:\/\/indulife.com\/es_co\/wp-json\/wp\/v2\/types\/product"}],"replies":[{"embeddable":true,"href":"https:\/\/indulife.com\/es_co\/wp-json\/wp\/v2\/comments?post=396"}],"wp:attachment":[{"href":"https:\/\/indulife.com\/es_co\/wp-json\/wp\/v2\/media?parent=396"}],"wp:term":[{"taxonomy":"product_brand","embeddable":true,"href":"https:\/\/indulife.com\/es_co\/wp-json\/wp\/v2\/product_brand?post=396"},{"taxonomy":"product_cat","embeddable":true,"href":"https:\/\/indulife.com\/es_co\/wp-json\/wp\/v2\/product_cat?post=396"},{"taxonomy":"product_tag","embeddable":true,"href":"https:\/\/indulife.com\/es_co\/wp-json\/wp\/v2\/product_tag?post=396"}],"curies":[{"name":"wp","href":"https:\/\/api.w.org\/{rel}","templated":true}]}}