{"id":377,"date":"2026-05-14T01:58:39","date_gmt":"2026-05-14T01:58:39","guid":{"rendered":"https:\/\/indulife.com\/producto\/base-ceramica-organica-19-x-25-crudo\/"},"modified":"2026-05-14T01:58:39","modified_gmt":"2026-05-14T01:58:39","slug":"base-ceramica-organica-19-x-25-crudo","status":"publish","type":"product","link":"https:\/\/indulife.com\/es_co\/producto\/base-ceramica-organica-19-x-25-crudo\/","title":{"rendered":"Base cer\u00e1mica org\u00e1nica 19 x 25 Crudo"},"content":{"rendered":"<p>Alto: 25.5cm 19.5cm x 19.5cm Cer\u00e1mica copa 19 x 35 20863 Marr\u00f3n<\/p>\n","protected":false},"excerpt":{"rendered":"<p>Referencia 20861. Precio base cat\u00e1logo: $105,000 COP.<\/p>\n","protected":false},"featured_media":0,"comment_status":"open","ping_status":"closed","template":"","meta":[],"product_brand":[],"product_cat":[62],"product_tag":[44,45],"class_list":{"0":"post-377","1":"product","2":"type-product","3":"status-publish","5":"product_cat-floreros-y-bases-decorativas","6":"product_tag-catalogo-2026","7":"product_tag-importado-por-ocr","9":"first","10":"instock","11":"shipping-taxable","12":"purchasable","13":"product-type-simple"},"_links":{"self":[{"href":"https:\/\/indulife.com\/es_co\/wp-json\/wp\/v2\/product\/377","targetHints":{"allow":["GET"]}}],"collection":[{"href":"https:\/\/indulife.com\/es_co\/wp-json\/wp\/v2\/product"}],"about":[{"href":"https:\/\/indulife.com\/es_co\/wp-json\/wp\/v2\/types\/product"}],"replies":[{"embeddable":true,"href":"https:\/\/indulife.com\/es_co\/wp-json\/wp\/v2\/comments?post=377"}],"wp:attachment":[{"href":"https:\/\/indulife.com\/es_co\/wp-json\/wp\/v2\/media?parent=377"}],"wp:term":[{"taxonomy":"product_brand","embeddable":true,"href":"https:\/\/indulife.com\/es_co\/wp-json\/wp\/v2\/product_brand?post=377"},{"taxonomy":"product_cat","embeddable":true,"href":"https:\/\/indulife.com\/es_co\/wp-json\/wp\/v2\/product_cat?post=377"},{"taxonomy":"product_tag","embeddable":true,"href":"https:\/\/indulife.com\/es_co\/wp-json\/wp\/v2\/product_tag?post=377"}],"curies":[{"name":"wp","href":"https:\/\/api.w.org\/{rel}","templated":true}]}}