{"id":362,"date":"2026-05-14T01:58:37","date_gmt":"2026-05-14T01:58:37","guid":{"rendered":"https:\/\/indulife.com\/producto\/vara-59-vara-follaje-limon-verde-limon\/"},"modified":"2026-05-14T01:58:37","modified_gmt":"2026-05-14T01:58:37","slug":"vara-59-vara-follaje-limon-verde-limon","status":"publish","type":"product","link":"https:\/\/indulife.com\/es_co\/producto\/vara-59-vara-follaje-limon-verde-limon\/","title":{"rendered":"vara 59 Vara follaje lim\u00f3n Verde lim\u00f3n"},"content":{"rendered":"<p>Alto: 90cm Ancho: 20cm Fruta Di\u00e1.: 4cm 9 frutas Follaje silvestre 20604 Rosa franc\u00e9s<\/p>\n","protected":false},"excerpt":{"rendered":"<p>Referencia 20809. Precio base cat\u00e1logo: $12,800 COP.<\/p>\n","protected":false},"featured_media":0,"comment_status":"open","ping_status":"closed","template":"","meta":[],"product_brand":[],"product_cat":[61],"product_tag":[44,45],"class_list":{"0":"post-362","1":"product","2":"type-product","3":"status-publish","5":"product_cat-matas-y-follajes","6":"product_tag-catalogo-2026","7":"product_tag-importado-por-ocr","9":"first","10":"instock","11":"shipping-taxable","12":"purchasable","13":"product-type-simple"},"_links":{"self":[{"href":"https:\/\/indulife.com\/es_co\/wp-json\/wp\/v2\/product\/362","targetHints":{"allow":["GET"]}}],"collection":[{"href":"https:\/\/indulife.com\/es_co\/wp-json\/wp\/v2\/product"}],"about":[{"href":"https:\/\/indulife.com\/es_co\/wp-json\/wp\/v2\/types\/product"}],"replies":[{"embeddable":true,"href":"https:\/\/indulife.com\/es_co\/wp-json\/wp\/v2\/comments?post=362"}],"wp:attachment":[{"href":"https:\/\/indulife.com\/es_co\/wp-json\/wp\/v2\/media?parent=362"}],"wp:term":[{"taxonomy":"product_brand","embeddable":true,"href":"https:\/\/indulife.com\/es_co\/wp-json\/wp\/v2\/product_brand?post=362"},{"taxonomy":"product_cat","embeddable":true,"href":"https:\/\/indulife.com\/es_co\/wp-json\/wp\/v2\/product_cat?post=362"},{"taxonomy":"product_tag","embeddable":true,"href":"https:\/\/indulife.com\/es_co\/wp-json\/wp\/v2\/product_tag?post=362"}],"curies":[{"name":"wp","href":"https:\/\/api.w.org\/{rel}","templated":true}]}}