{"id":235,"date":"2026-05-14T01:58:23","date_gmt":"2026-05-14T01:58:23","guid":{"rendered":"https:\/\/indulife.com\/producto\/mini-girasol-amarillo\/"},"modified":"2026-05-14T01:58:23","modified_gmt":"2026-05-14T01:58:23","slug":"mini-girasol-amarillo","status":"publish","type":"product","link":"https:\/\/indulife.com\/es_co\/producto\/mini-girasol-amarillo\/","title":{"rendered":"Mini girasol Amarillo"},"content":{"rendered":"<p>Alto: 29cm Ancho: 15cm Flor Grande Di\u00e1.: 8cm x 4 flores Flor Peque\u00f1a Di\u00e1.: 3cmx 9 flores Girasol x 14 20739 Amarillo naranja<\/p>\n","protected":false},"excerpt":{"rendered":"<p>Referencia 20407. Precio base cat\u00e1logo: $6,500 COP.<\/p>\n","protected":false},"featured_media":0,"comment_status":"open","ping_status":"closed","template":"","meta":[],"product_brand":[],"product_cat":[54],"product_tag":[44,45],"class_list":{"0":"post-235","1":"product","2":"type-product","3":"status-publish","5":"product_cat-flores-artificiales-catalogo-2026-9","6":"product_tag-catalogo-2026","7":"product_tag-importado-por-ocr","9":"first","10":"instock","11":"shipping-taxable","12":"purchasable","13":"product-type-simple"},"_links":{"self":[{"href":"https:\/\/indulife.com\/es_co\/wp-json\/wp\/v2\/product\/235","targetHints":{"allow":["GET"]}}],"collection":[{"href":"https:\/\/indulife.com\/es_co\/wp-json\/wp\/v2\/product"}],"about":[{"href":"https:\/\/indulife.com\/es_co\/wp-json\/wp\/v2\/types\/product"}],"replies":[{"embeddable":true,"href":"https:\/\/indulife.com\/es_co\/wp-json\/wp\/v2\/comments?post=235"}],"wp:attachment":[{"href":"https:\/\/indulife.com\/es_co\/wp-json\/wp\/v2\/media?parent=235"}],"wp:term":[{"taxonomy":"product_brand","embeddable":true,"href":"https:\/\/indulife.com\/es_co\/wp-json\/wp\/v2\/product_brand?post=235"},{"taxonomy":"product_cat","embeddable":true,"href":"https:\/\/indulife.com\/es_co\/wp-json\/wp\/v2\/product_cat?post=235"},{"taxonomy":"product_tag","embeddable":true,"href":"https:\/\/indulife.com\/es_co\/wp-json\/wp\/v2\/product_tag?post=235"}],"curies":[{"name":"wp","href":"https:\/\/api.w.org\/{rel}","templated":true}]}}