{"id":209,"date":"2026-05-14T01:58:21","date_gmt":"2026-05-14T01:58:21","guid":{"rendered":"https:\/\/indulife.com\/producto\/vara-peony-de-jardin-rosa-bebe\/"},"modified":"2026-05-14T01:58:21","modified_gmt":"2026-05-14T01:58:21","slug":"vara-peony-de-jardin-rosa-bebe","status":"publish","type":"product","link":"https:\/\/indulife.com\/es_co\/producto\/vara-peony-de-jardin-rosa-bebe\/","title":{"rendered":"Vara peony de jard\u00edn Rosa beb\u00e9"},"content":{"rendered":"<p>Alto: 60cm Ancho: 8cm Flor Alto: 5cm, Di\u00e1.: 8cm 1 flor y 1 bot\u00f3n REBAJA<\/p>\n","protected":false},"excerpt":{"rendered":"<p>Referencia 20321. Precio base cat\u00e1logo: $8,500 COP.<\/p>\n","protected":false},"featured_media":0,"comment_status":"open","ping_status":"closed","template":"","meta":[],"product_brand":[],"product_cat":[54],"product_tag":[44,45],"class_list":{"0":"post-209","1":"product","2":"type-product","3":"status-publish","5":"product_cat-flores-artificiales-catalogo-2026-9","6":"product_tag-catalogo-2026","7":"product_tag-importado-por-ocr","9":"first","10":"instock","11":"shipping-taxable","12":"purchasable","13":"product-type-simple"},"_links":{"self":[{"href":"https:\/\/indulife.com\/es_co\/wp-json\/wp\/v2\/product\/209","targetHints":{"allow":["GET"]}}],"collection":[{"href":"https:\/\/indulife.com\/es_co\/wp-json\/wp\/v2\/product"}],"about":[{"href":"https:\/\/indulife.com\/es_co\/wp-json\/wp\/v2\/types\/product"}],"replies":[{"embeddable":true,"href":"https:\/\/indulife.com\/es_co\/wp-json\/wp\/v2\/comments?post=209"}],"wp:attachment":[{"href":"https:\/\/indulife.com\/es_co\/wp-json\/wp\/v2\/media?parent=209"}],"wp:term":[{"taxonomy":"product_brand","embeddable":true,"href":"https:\/\/indulife.com\/es_co\/wp-json\/wp\/v2\/product_brand?post=209"},{"taxonomy":"product_cat","embeddable":true,"href":"https:\/\/indulife.com\/es_co\/wp-json\/wp\/v2\/product_cat?post=209"},{"taxonomy":"product_tag","embeddable":true,"href":"https:\/\/indulife.com\/es_co\/wp-json\/wp\/v2\/product_tag?post=209"}],"curies":[{"name":"wp","href":"https:\/\/api.w.org\/{rel}","templated":true}]}}