{"id":206,"date":"2026-05-14T01:58:21","date_gmt":"2026-05-14T01:58:21","guid":{"rendered":"https:\/\/indulife.com\/producto\/hortensia-x-1-rosa-bebe\/"},"modified":"2026-05-14T01:58:21","modified_gmt":"2026-05-14T01:58:21","slug":"hortensia-x-1-rosa-bebe","status":"publish","type":"product","link":"https:\/\/indulife.com\/es_co\/producto\/hortensia-x-1-rosa-bebe\/","title":{"rendered":"Hortensia x 1 Rosa beb\u00e9"},"content":{"rendered":"<p>Alto: 32cm Flor Di\u00e1.: 12cm Vara peony de jard\u00edn 20321 Rosa amaranto<\/p>\n","protected":false},"excerpt":{"rendered":"<p>Referencia 20762. Precio base cat\u00e1logo: $7,600 COP.<\/p>\n","protected":false},"featured_media":0,"comment_status":"open","ping_status":"closed","template":"","meta":[],"product_brand":[],"product_cat":[54],"product_tag":[44,45],"class_list":{"0":"post-206","1":"product","2":"type-product","3":"status-publish","5":"product_cat-flores-artificiales-catalogo-2026-9","6":"product_tag-catalogo-2026","7":"product_tag-importado-por-ocr","9":"first","10":"instock","11":"shipping-taxable","12":"purchasable","13":"product-type-simple"},"_links":{"self":[{"href":"https:\/\/indulife.com\/es_co\/wp-json\/wp\/v2\/product\/206","targetHints":{"allow":["GET"]}}],"collection":[{"href":"https:\/\/indulife.com\/es_co\/wp-json\/wp\/v2\/product"}],"about":[{"href":"https:\/\/indulife.com\/es_co\/wp-json\/wp\/v2\/types\/product"}],"replies":[{"embeddable":true,"href":"https:\/\/indulife.com\/es_co\/wp-json\/wp\/v2\/comments?post=206"}],"wp:attachment":[{"href":"https:\/\/indulife.com\/es_co\/wp-json\/wp\/v2\/media?parent=206"}],"wp:term":[{"taxonomy":"product_brand","embeddable":true,"href":"https:\/\/indulife.com\/es_co\/wp-json\/wp\/v2\/product_brand?post=206"},{"taxonomy":"product_cat","embeddable":true,"href":"https:\/\/indulife.com\/es_co\/wp-json\/wp\/v2\/product_cat?post=206"},{"taxonomy":"product_tag","embeddable":true,"href":"https:\/\/indulife.com\/es_co\/wp-json\/wp\/v2\/product_tag?post=206"}],"curies":[{"name":"wp","href":"https:\/\/api.w.org\/{rel}","templated":true}]}}