{"id":136,"date":"2026-05-14T01:58:16","date_gmt":"2026-05-14T01:58:16","guid":{"rendered":"https:\/\/indulife.com\/producto\/mata-rosa-boton-blanco\/"},"modified":"2026-05-14T01:58:16","modified_gmt":"2026-05-14T01:58:16","slug":"mata-rosa-boton-blanco","status":"publish","type":"product","link":"https:\/\/indulife.com\/es_co\/producto\/mata-rosa-boton-blanco\/","title":{"rendered":"Mata rosa bot\u00f3n Blanco"},"content":{"rendered":"<p>Alto: 45cm Ancho: 25cm Flor Di\u00e1.: 8cm 5 bot\u00f3n abierto 3 bot\u00f3n cerrado Mata rosa bot\u00f3n 20628 Magenta<\/p>\n","protected":false},"excerpt":{"rendered":"<p>Referencia 20628. Precio base cat\u00e1logo: $23,000 COP.<\/p>\n","protected":false},"featured_media":0,"comment_status":"open","ping_status":"closed","template":"","meta":[],"product_brand":[],"product_cat":[54],"product_tag":[44,45],"class_list":{"0":"post-136","1":"product","2":"type-product","3":"status-publish","5":"product_cat-flores-artificiales-catalogo-2026-9","6":"product_tag-catalogo-2026","7":"product_tag-importado-por-ocr","9":"first","10":"instock","11":"shipping-taxable","12":"purchasable","13":"product-type-simple"},"_links":{"self":[{"href":"https:\/\/indulife.com\/es_co\/wp-json\/wp\/v2\/product\/136","targetHints":{"allow":["GET"]}}],"collection":[{"href":"https:\/\/indulife.com\/es_co\/wp-json\/wp\/v2\/product"}],"about":[{"href":"https:\/\/indulife.com\/es_co\/wp-json\/wp\/v2\/types\/product"}],"replies":[{"embeddable":true,"href":"https:\/\/indulife.com\/es_co\/wp-json\/wp\/v2\/comments?post=136"}],"wp:attachment":[{"href":"https:\/\/indulife.com\/es_co\/wp-json\/wp\/v2\/media?parent=136"}],"wp:term":[{"taxonomy":"product_brand","embeddable":true,"href":"https:\/\/indulife.com\/es_co\/wp-json\/wp\/v2\/product_brand?post=136"},{"taxonomy":"product_cat","embeddable":true,"href":"https:\/\/indulife.com\/es_co\/wp-json\/wp\/v2\/product_cat?post=136"},{"taxonomy":"product_tag","embeddable":true,"href":"https:\/\/indulife.com\/es_co\/wp-json\/wp\/v2\/product_tag?post=136"}],"curies":[{"name":"wp","href":"https:\/\/api.w.org\/{rel}","templated":true}]}}