{"id":122,"date":"2026-05-14T01:58:13","date_gmt":"2026-05-14T01:58:13","guid":{"rendered":"https:\/\/indulife.com\/producto\/ramo-boton-x-12-blanco-lavanda\/"},"modified":"2026-05-14T01:58:13","modified_gmt":"2026-05-14T01:58:13","slug":"ramo-boton-x-12-blanco-lavanda","status":"publish","type":"product","link":"https:\/\/indulife.com\/es_co\/producto\/ramo-boton-x-12-blanco-lavanda\/","title":{"rendered":"Ramo bot\u00f3n x 12 Blanco lavanda"},"content":{"rendered":"<p>Alto: 46cm Ancho: 20cm Flor Alto: 6cm, Di\u00e1.: 6cm 12 flores AGOTADO Ramo rosa 20509 Rosa franc\u00e9s<\/p>\n","protected":false},"excerpt":{"rendered":"<p>Referencia 20413. Precio base cat\u00e1logo: $13,800 COP.<\/p>\n","protected":false},"featured_media":0,"comment_status":"open","ping_status":"closed","template":"","meta":[],"product_brand":[],"product_cat":[54],"product_tag":[44,45],"class_list":{"0":"post-122","1":"product","2":"type-product","3":"status-publish","5":"product_cat-flores-artificiales-catalogo-2026-9","6":"product_tag-catalogo-2026","7":"product_tag-importado-por-ocr","9":"first","10":"outofstock","11":"shipping-taxable","12":"purchasable","13":"product-type-simple"},"_links":{"self":[{"href":"https:\/\/indulife.com\/es_co\/wp-json\/wp\/v2\/product\/122","targetHints":{"allow":["GET"]}}],"collection":[{"href":"https:\/\/indulife.com\/es_co\/wp-json\/wp\/v2\/product"}],"about":[{"href":"https:\/\/indulife.com\/es_co\/wp-json\/wp\/v2\/types\/product"}],"replies":[{"embeddable":true,"href":"https:\/\/indulife.com\/es_co\/wp-json\/wp\/v2\/comments?post=122"}],"wp:attachment":[{"href":"https:\/\/indulife.com\/es_co\/wp-json\/wp\/v2\/media?parent=122"}],"wp:term":[{"taxonomy":"product_brand","embeddable":true,"href":"https:\/\/indulife.com\/es_co\/wp-json\/wp\/v2\/product_brand?post=122"},{"taxonomy":"product_cat","embeddable":true,"href":"https:\/\/indulife.com\/es_co\/wp-json\/wp\/v2\/product_cat?post=122"},{"taxonomy":"product_tag","embeddable":true,"href":"https:\/\/indulife.com\/es_co\/wp-json\/wp\/v2\/product_tag?post=122"}],"curies":[{"name":"wp","href":"https:\/\/api.w.org\/{rel}","templated":true}]}}