{"id":115,"date":"2026-05-14T01:58:13","date_gmt":"2026-05-14T01:58:13","guid":{"rendered":"https:\/\/indulife.com\/producto\/mini-rosa-crema\/"},"modified":"2026-05-14T01:58:13","modified_gmt":"2026-05-14T01:58:13","slug":"mini-rosa-crema","status":"publish","type":"product","link":"https:\/\/indulife.com\/es_co\/producto\/mini-rosa-crema\/","title":{"rendered":"Mini rosa Crema"},"content":{"rendered":"<p>Alto: 33cm Ancho: 15cm Flor Alto: 3cm, Di\u00e1.: 3cm 24 flores Di\u00e1.: 3cm Di\u00e1.: 3cm Di\u00e1.: 3cm<\/p>\n","protected":false},"excerpt":{"rendered":"<p>Referencia 20511. Precio base cat\u00e1logo: $12,900 COP.<\/p>\n","protected":false},"featured_media":0,"comment_status":"open","ping_status":"closed","template":"","meta":[],"product_brand":[],"product_cat":[55],"product_tag":[44,45],"class_list":{"0":"post-115","1":"product","2":"type-product","3":"status-publish","5":"product_cat-flores-artificiales-catalogo-2026-10","6":"product_tag-catalogo-2026","7":"product_tag-importado-por-ocr","9":"first","10":"instock","11":"shipping-taxable","12":"purchasable","13":"product-type-simple"},"_links":{"self":[{"href":"https:\/\/indulife.com\/es_co\/wp-json\/wp\/v2\/product\/115","targetHints":{"allow":["GET"]}}],"collection":[{"href":"https:\/\/indulife.com\/es_co\/wp-json\/wp\/v2\/product"}],"about":[{"href":"https:\/\/indulife.com\/es_co\/wp-json\/wp\/v2\/types\/product"}],"replies":[{"embeddable":true,"href":"https:\/\/indulife.com\/es_co\/wp-json\/wp\/v2\/comments?post=115"}],"wp:attachment":[{"href":"https:\/\/indulife.com\/es_co\/wp-json\/wp\/v2\/media?parent=115"}],"wp:term":[{"taxonomy":"product_brand","embeddable":true,"href":"https:\/\/indulife.com\/es_co\/wp-json\/wp\/v2\/product_brand?post=115"},{"taxonomy":"product_cat","embeddable":true,"href":"https:\/\/indulife.com\/es_co\/wp-json\/wp\/v2\/product_cat?post=115"},{"taxonomy":"product_tag","embeddable":true,"href":"https:\/\/indulife.com\/es_co\/wp-json\/wp\/v2\/product_tag?post=115"}],"curies":[{"name":"wp","href":"https:\/\/api.w.org\/{rel}","templated":true}]}}