{"id":407,"date":"2026-05-14T01:58:42","date_gmt":"2026-05-14T01:58:42","guid":{"rendered":"https:\/\/indulife.com\/producto\/canastas-set-x-3\/"},"modified":"2026-05-14T01:58:42","modified_gmt":"2026-05-14T01:58:42","slug":"canastas-set-x-3","status":"publish","type":"product","link":"https:\/\/indulife.com\/en\/product\/canastas-set-x-3\/","title":{"rendered":"Canastas set x 3"},"content":{"rendered":"<p>Grande Alto: 40cm, Di\u00e1.: 40cm Mediano Alto: 30cm, Di\u00e1.: 38cm Peque\u00f1o Alto: 26cm, Di\u00e1.: 34cm 18096 Gris<\/p>","protected":false},"excerpt":{"rendered":"<p>Referencia YN4801. Precio base cat\u00e1logo: $107,900 COP.<\/p>","protected":false},"featured_media":0,"comment_status":"open","ping_status":"closed","template":"","meta":[],"product_brand":[],"product_cat":[62],"product_tag":[44,45],"class_list":{"0":"post-407","1":"product","2":"type-product","3":"status-publish","5":"product_cat-floreros-y-bases-decorativas","6":"product_tag-catalogo-2026","7":"product_tag-importado-por-ocr","9":"first","10":"outofstock","11":"shipping-taxable","12":"purchasable","13":"product-type-simple"},"_links":{"self":[{"href":"https:\/\/indulife.com\/en\/wp-json\/wp\/v2\/product\/407","targetHints":{"allow":["GET"]}}],"collection":[{"href":"https:\/\/indulife.com\/en\/wp-json\/wp\/v2\/product"}],"about":[{"href":"https:\/\/indulife.com\/en\/wp-json\/wp\/v2\/types\/product"}],"replies":[{"embeddable":true,"href":"https:\/\/indulife.com\/en\/wp-json\/wp\/v2\/comments?post=407"}],"wp:attachment":[{"href":"https:\/\/indulife.com\/en\/wp-json\/wp\/v2\/media?parent=407"}],"wp:term":[{"taxonomy":"product_brand","embeddable":true,"href":"https:\/\/indulife.com\/en\/wp-json\/wp\/v2\/product_brand?post=407"},{"taxonomy":"product_cat","embeddable":true,"href":"https:\/\/indulife.com\/en\/wp-json\/wp\/v2\/product_cat?post=407"},{"taxonomy":"product_tag","embeddable":true,"href":"https:\/\/indulife.com\/en\/wp-json\/wp\/v2\/product_tag?post=407"}],"curies":[{"name":"wp","href":"https:\/\/api.w.org\/{rel}","templated":true}]}}