{"id":398,"date":"2026-05-14T01:58:41","date_gmt":"2026-05-14T01:58:41","guid":{"rendered":"https:\/\/indulife.com\/producto\/caja-cillindro-x-3\/"},"modified":"2026-05-14T01:58:41","modified_gmt":"2026-05-14T01:58:41","slug":"caja-cillindro-x-3","status":"publish","type":"product","link":"https:\/\/indulife.com\/en\/product\/caja-cillindro-x-3\/","title":{"rendered":"Caja cillindro x 3"},"content":{"rendered":"<p>SET x 3 Di\u00e1. 19cm x 14cm Di\u00e1. 17cm x 13cm Di\u00e1. 14cm x 12cm AGOTADO Caja x 3 rectangular desarmable 20829 Rosado<\/p>","protected":false},"excerpt":{"rendered":"<p>Referencia 20823. Precio base cat\u00e1logo: $32,500 COP.<\/p>","protected":false},"featured_media":0,"comment_status":"open","ping_status":"closed","template":"","meta":[],"product_brand":[],"product_cat":[62],"product_tag":[44,45],"class_list":{"0":"post-398","1":"product","2":"type-product","3":"status-publish","5":"product_cat-floreros-y-bases-decorativas","6":"product_tag-catalogo-2026","7":"product_tag-importado-por-ocr","9":"first","10":"outofstock","11":"shipping-taxable","12":"purchasable","13":"product-type-simple"},"_links":{"self":[{"href":"https:\/\/indulife.com\/en\/wp-json\/wp\/v2\/product\/398","targetHints":{"allow":["GET"]}}],"collection":[{"href":"https:\/\/indulife.com\/en\/wp-json\/wp\/v2\/product"}],"about":[{"href":"https:\/\/indulife.com\/en\/wp-json\/wp\/v2\/types\/product"}],"replies":[{"embeddable":true,"href":"https:\/\/indulife.com\/en\/wp-json\/wp\/v2\/comments?post=398"}],"wp:attachment":[{"href":"https:\/\/indulife.com\/en\/wp-json\/wp\/v2\/media?parent=398"}],"wp:term":[{"taxonomy":"product_brand","embeddable":true,"href":"https:\/\/indulife.com\/en\/wp-json\/wp\/v2\/product_brand?post=398"},{"taxonomy":"product_cat","embeddable":true,"href":"https:\/\/indulife.com\/en\/wp-json\/wp\/v2\/product_cat?post=398"},{"taxonomy":"product_tag","embeddable":true,"href":"https:\/\/indulife.com\/en\/wp-json\/wp\/v2\/product_tag?post=398"}],"curies":[{"name":"wp","href":"https:\/\/api.w.org\/{rel}","templated":true}]}}