{"id":375,"date":"2026-05-14T01:58:39","date_gmt":"2026-05-14T01:58:39","guid":{"rendered":"https:\/\/indulife.com\/producto\/ceramica-copa-25x47-marron\/"},"modified":"2026-05-14T01:58:39","modified_gmt":"2026-05-14T01:58:39","slug":"ceramica-copa-25x47-marron","status":"publish","type":"product","link":"https:\/\/indulife.com\/en\/product\/ceramica-copa-25x47-marron\/","title":{"rendered":"Cer\u00e1mica copa 25&#215;47 Marr\u00f3n"},"content":{"rendered":"<p>Alto: 47cm 25cm x 25cm Jarra cer\u00e1mica redonda 22 x 24 20864 Crudo<\/p>","protected":false},"excerpt":{"rendered":"<p>Referencia 20862. Precio base cat\u00e1logo: $195,000 COP.<\/p>","protected":false},"featured_media":0,"comment_status":"open","ping_status":"closed","template":"","meta":[],"product_brand":[],"product_cat":[62],"product_tag":[44,45],"class_list":{"0":"post-375","1":"product","2":"type-product","3":"status-publish","5":"product_cat-floreros-y-bases-decorativas","6":"product_tag-catalogo-2026","7":"product_tag-importado-por-ocr","9":"first","10":"outofstock","11":"shipping-taxable","12":"purchasable","13":"product-type-simple"},"_links":{"self":[{"href":"https:\/\/indulife.com\/en\/wp-json\/wp\/v2\/product\/375","targetHints":{"allow":["GET"]}}],"collection":[{"href":"https:\/\/indulife.com\/en\/wp-json\/wp\/v2\/product"}],"about":[{"href":"https:\/\/indulife.com\/en\/wp-json\/wp\/v2\/types\/product"}],"replies":[{"embeddable":true,"href":"https:\/\/indulife.com\/en\/wp-json\/wp\/v2\/comments?post=375"}],"wp:attachment":[{"href":"https:\/\/indulife.com\/en\/wp-json\/wp\/v2\/media?parent=375"}],"wp:term":[{"taxonomy":"product_brand","embeddable":true,"href":"https:\/\/indulife.com\/en\/wp-json\/wp\/v2\/product_brand?post=375"},{"taxonomy":"product_cat","embeddable":true,"href":"https:\/\/indulife.com\/en\/wp-json\/wp\/v2\/product_cat?post=375"},{"taxonomy":"product_tag","embeddable":true,"href":"https:\/\/indulife.com\/en\/wp-json\/wp\/v2\/product_tag?post=375"}],"curies":[{"name":"wp","href":"https:\/\/api.w.org\/{rel}","templated":true}]}}