{"id":118,"date":"2026-05-14T01:58:13","date_gmt":"2026-05-14T01:58:13","guid":{"rendered":"https:\/\/indulife.com\/producto\/mini-rosas-x-5-rosa-bebe\/"},"modified":"2026-05-14T01:58:13","modified_gmt":"2026-05-14T01:58:13","slug":"mini-rosas-x-5-rosa-bebe","status":"publish","type":"product","link":"https:\/\/indulife.com\/en\/product\/mini-rosas-x-5-rosa-bebe\/","title":{"rendered":"Mini rosas x 5 Rosa beb\u00e9"},"content":{"rendered":"<p>Alto: 36cm Ancho: 20cm Flor Alto: 4cm, Di\u00e1.: 5cm 5 flores y follajes Mini rosas x 5 20513 Rosa franc\u00e9s<\/p>","protected":false},"excerpt":{"rendered":"<p>Referencia 20513. Precio base cat\u00e1logo: $10,400 COP.<\/p>","protected":false},"featured_media":0,"comment_status":"open","ping_status":"closed","template":"","meta":[],"product_brand":[],"product_cat":[58],"product_tag":[44,45],"class_list":{"0":"post-118","1":"product","2":"type-product","3":"status-publish","5":"product_cat-flores-artificiales-catalogo-2026-13","6":"product_tag-catalogo-2026","7":"product_tag-importado-por-ocr","9":"first","10":"instock","11":"shipping-taxable","12":"purchasable","13":"product-type-simple"},"_links":{"self":[{"href":"https:\/\/indulife.com\/en\/wp-json\/wp\/v2\/product\/118","targetHints":{"allow":["GET"]}}],"collection":[{"href":"https:\/\/indulife.com\/en\/wp-json\/wp\/v2\/product"}],"about":[{"href":"https:\/\/indulife.com\/en\/wp-json\/wp\/v2\/types\/product"}],"replies":[{"embeddable":true,"href":"https:\/\/indulife.com\/en\/wp-json\/wp\/v2\/comments?post=118"}],"wp:attachment":[{"href":"https:\/\/indulife.com\/en\/wp-json\/wp\/v2\/media?parent=118"}],"wp:term":[{"taxonomy":"product_brand","embeddable":true,"href":"https:\/\/indulife.com\/en\/wp-json\/wp\/v2\/product_brand?post=118"},{"taxonomy":"product_cat","embeddable":true,"href":"https:\/\/indulife.com\/en\/wp-json\/wp\/v2\/product_cat?post=118"},{"taxonomy":"product_tag","embeddable":true,"href":"https:\/\/indulife.com\/en\/wp-json\/wp\/v2\/product_tag?post=118"}],"curies":[{"name":"wp","href":"https:\/\/api.w.org\/{rel}","templated":true}]}}